{"id":2108,"date":"2025-06-27T13:59:39","date_gmt":"2025-06-27T11:59:39","guid":{"rendered":"https:\/\/tinagorina.com\/politique-de-confidentialite\/"},"modified":"2025-10-15T17:26:35","modified_gmt":"2025-10-15T15:26:35","slug":"politique-de-confidentialite","status":"publish","type":"page","link":"https:\/\/tinagorina.com\/fr\/politique-de-confidentialite\/","title":{"rendered":"Politique de confidentialit\u00e9"},"content":{"rendered":"\n<p><strong>Politique de confidentialit\u00e9<\/strong><br\/>Conform\u00e9ment au R\u00e8glement (UE) 2016\/679 (RGPD) et \u00e0 la Loi organique 3\/2018 relative \u00e0 la protection des donn\u00e9es personnelles et \u00e0 la garantie des droits num\u00e9riques (LOPDGDD), nous vous informons sur le traitement de vos donn\u00e9es personnelles.<\/p>\n\n<h3 class=\"wp-block-heading\">Responsable du traitement<\/h3>\n\n<p>Nom de l\u2019entreprise\u00a0: [Nom empresa]<br\/>NIF\u00a0: [NIF]<br\/>Adresse\u00a0: [Adre\u00e7a]<br\/>Adresse \u00e9lectronique\u00a0: [Email de contacte]<\/p>\n\n<h3 class=\"wp-block-heading\">Finalit\u00e9 du traitement<\/h3>\n\n<p>Les donn\u00e9es personnelles que vous nous fournissez seront utilis\u00e9es pour\u00a0:<\/p>\n\n<ul class=\"wp-block-list\">\n<li>G\u00e9rer vos demandes, commandes ou consultations.<\/li>\n\n\n\n<li>Vous envoyer des informations relatives \u00e0 nos services ou produits.<\/li>\n\n\n\n<li>Respecter les obligations l\u00e9gales.<\/li>\n<\/ul>\n\n<h3 class=\"wp-block-heading\">L\u00e9gitimation<\/h3>\n\n<p>La base l\u00e9gale du traitement est\u00a0:<\/p>\n\n<ul class=\"wp-block-list\">\n<li>Votre consentement (art.\u00a06.1.a RGPD).<\/li>\n\n\n\n<li>L\u2019ex\u00e9cution d\u2019un contrat (art.\u00a06.1.b RGPD).<\/li>\n\n\n\n<li>L\u2019int\u00e9r\u00eat l\u00e9gitime ou le respect d\u2019une obligation l\u00e9gale (art.\u00a06.1.c et\u00a0f RGPD).<\/li>\n<\/ul>\n\n<h3 class=\"wp-block-heading\">Conservation des donn\u00e9es<\/h3>\n\n<p>Les donn\u00e9es seront conserv\u00e9es aussi longtemps que n\u00e9cessaire pour atteindre la finalit\u00e9 pour laquelle elles ont \u00e9t\u00e9 collect\u00e9es et pour r\u00e9pondre aux \u00e9ventuelles responsabilit\u00e9s l\u00e9gales.<\/p>\n\n<h3 class=\"wp-block-heading\">Destinataires<\/h3>\n\n<p>Les donn\u00e9es ne seront pas communiqu\u00e9es \u00e0 des tiers, sauf obligation l\u00e9gale ou pour fournir un service contract\u00e9.<\/p>\n\n<p><\/p>\n","protected":false},"excerpt":{"rendered":"<p>Politique de confidentialit\u00e9Conform\u00e9ment au R\u00e8glement (UE) 2016\/679 (RGPD) et \u00e0 la Loi organique 3\/2018 relative \u00e0 la protection des donn\u00e9es personnelles et \u00e0 la garantie des droits num\u00e9riques (LOPDGDD), nous vous informons sur le traitement de vos donn\u00e9es personnelles. Responsable du traitement Nom de l\u2019entreprise\u00a0: [Nom empresa]NIF\u00a0: [NIF]Adresse\u00a0: [Adre\u00e7a]Adresse \u00e9lectronique\u00a0: [Email de contacte] Finalit\u00e9 du [&hellip;]<\/p>\n","protected":false},"author":1,"featured_media":0,"parent":0,"menu_order":0,"comment_status":"closed","ping_status":"closed","template":"","meta":{"_monsterinsights_skip_tracking":false,"_monsterinsights_sitenote_active":false,"_monsterinsights_sitenote_note":"","_monsterinsights_sitenote_category":0,"footnotes":""},"class_list":["post-2108","page","type-page","status-publish","hentry"],"yoast_head":"<!-- This site is optimized with the Yoast SEO plugin v26.4 - https:\/\/yoast.com\/wordpress\/plugins\/seo\/ -->\n<title>Politique de confidentialit\u00e9 | Tina Gorina, soprano d\u2019\u00f2pera<\/title>\n<meta name=\"robots\" content=\"index, follow, max-snippet:-1, max-image-preview:large, max-video-preview:-1\" \/>\n<link rel=\"canonical\" href=\"https:\/\/tinagorina.com\/fr\/politique-de-confidentialite\/\" \/>\n<meta property=\"og:locale\" content=\"fr_FR\" \/>\n<meta property=\"og:type\" content=\"article\" \/>\n<meta property=\"og:title\" content=\"Politique de confidentialit\u00e9 | Tina Gorina, soprano d\u2019\u00f2pera\" \/>\n<meta property=\"og:description\" content=\"Politique de confidentialit\u00e9Conform\u00e9ment au R\u00e8glement (UE) 2016\/679 (RGPD) et \u00e0 la Loi organique 3\/2018 relative \u00e0 la protection des donn\u00e9es personnelles et \u00e0 la garantie des droits num\u00e9riques (LOPDGDD), nous vous informons sur le traitement de vos donn\u00e9es personnelles. Responsable du traitement Nom de l\u2019entreprise\u00a0: [Nom empresa]NIF\u00a0: [NIF]Adresse\u00a0: [Adre\u00e7a]Adresse \u00e9lectronique\u00a0: [Email de contacte] Finalit\u00e9 du [&hellip;]\" \/>\n<meta property=\"og:url\" content=\"https:\/\/tinagorina.com\/fr\/politique-de-confidentialite\/\" \/>\n<meta property=\"og:site_name\" content=\"Tina Gorina\" \/>\n<meta property=\"article:modified_time\" content=\"2025-10-15T15:26:35+00:00\" \/>\n<meta name=\"twitter:card\" content=\"summary_large_image\" \/>\n<meta name=\"twitter:label1\" content=\"Dur\u00e9e de lecture estim\u00e9e\" \/>\n\t<meta name=\"twitter:data1\" content=\"1 minute\" \/>\n<script type=\"application\/ld+json\" class=\"yoast-schema-graph\">{\"@context\":\"https:\/\/schema.org\",\"@graph\":[{\"@type\":\"WebPage\",\"@id\":\"https:\/\/tinagorina.com\/fr\/politique-de-confidentialite\/\",\"url\":\"https:\/\/tinagorina.com\/fr\/politique-de-confidentialite\/\",\"name\":\"Politique de confidentialit\u00e9 | Tina Gorina, soprano d\u2019\u00f2pera\",\"isPartOf\":{\"@id\":\"https:\/\/tinagorina.com\/fr\/#website\"},\"datePublished\":\"2025-06-27T11:59:39+00:00\",\"dateModified\":\"2025-10-15T15:26:35+00:00\",\"breadcrumb\":{\"@id\":\"https:\/\/tinagorina.com\/fr\/politique-de-confidentialite\/#breadcrumb\"},\"inLanguage\":\"fr-FR\",\"potentialAction\":[{\"@type\":\"ReadAction\",\"target\":[\"https:\/\/tinagorina.com\/fr\/politique-de-confidentialite\/\"]}]},{\"@type\":\"BreadcrumbList\",\"@id\":\"https:\/\/tinagorina.com\/fr\/politique-de-confidentialite\/#breadcrumb\",\"itemListElement\":[{\"@type\":\"ListItem\",\"position\":1,\"name\":\"Inici\",\"item\":\"https:\/\/tinagorina.com\/fr\/\"},{\"@type\":\"ListItem\",\"position\":2,\"name\":\"Politique de confidentialit\u00e9\"}]},{\"@type\":\"WebSite\",\"@id\":\"https:\/\/tinagorina.com\/fr\/#website\",\"url\":\"https:\/\/tinagorina.com\/fr\/\",\"name\":\"Tina Gorina\",\"description\":\"\",\"potentialAction\":[{\"@type\":\"SearchAction\",\"target\":{\"@type\":\"EntryPoint\",\"urlTemplate\":\"https:\/\/tinagorina.com\/fr\/?s={search_term_string}\"},\"query-input\":{\"@type\":\"PropertyValueSpecification\",\"valueRequired\":true,\"valueName\":\"search_term_string\"}}],\"inLanguage\":\"fr-FR\"}]}<\/script>\n<!-- \/ Yoast SEO plugin. -->","yoast_head_json":{"title":"Politique de confidentialit\u00e9 | Tina Gorina, soprano d\u2019\u00f2pera","robots":{"index":"index","follow":"follow","max-snippet":"max-snippet:-1","max-image-preview":"max-image-preview:large","max-video-preview":"max-video-preview:-1"},"canonical":"https:\/\/tinagorina.com\/fr\/politique-de-confidentialite\/","og_locale":"fr_FR","og_type":"article","og_title":"Politique de confidentialit\u00e9 | Tina Gorina, soprano d\u2019\u00f2pera","og_description":"Politique de confidentialit\u00e9Conform\u00e9ment au R\u00e8glement (UE) 2016\/679 (RGPD) et \u00e0 la Loi organique 3\/2018 relative \u00e0 la protection des donn\u00e9es personnelles et \u00e0 la garantie des droits num\u00e9riques (LOPDGDD), nous vous informons sur le traitement de vos donn\u00e9es personnelles. Responsable du traitement Nom de l\u2019entreprise\u00a0: [Nom empresa]NIF\u00a0: [NIF]Adresse\u00a0: [Adre\u00e7a]Adresse \u00e9lectronique\u00a0: [Email de contacte] Finalit\u00e9 du [&hellip;]","og_url":"https:\/\/tinagorina.com\/fr\/politique-de-confidentialite\/","og_site_name":"Tina Gorina","article_modified_time":"2025-10-15T15:26:35+00:00","twitter_card":"summary_large_image","twitter_misc":{"Dur\u00e9e de lecture estim\u00e9e":"1 minute"},"schema":{"@context":"https:\/\/schema.org","@graph":[{"@type":"WebPage","@id":"https:\/\/tinagorina.com\/fr\/politique-de-confidentialite\/","url":"https:\/\/tinagorina.com\/fr\/politique-de-confidentialite\/","name":"Politique de confidentialit\u00e9 | Tina Gorina, soprano d\u2019\u00f2pera","isPartOf":{"@id":"https:\/\/tinagorina.com\/fr\/#website"},"datePublished":"2025-06-27T11:59:39+00:00","dateModified":"2025-10-15T15:26:35+00:00","breadcrumb":{"@id":"https:\/\/tinagorina.com\/fr\/politique-de-confidentialite\/#breadcrumb"},"inLanguage":"fr-FR","potentialAction":[{"@type":"ReadAction","target":["https:\/\/tinagorina.com\/fr\/politique-de-confidentialite\/"]}]},{"@type":"BreadcrumbList","@id":"https:\/\/tinagorina.com\/fr\/politique-de-confidentialite\/#breadcrumb","itemListElement":[{"@type":"ListItem","position":1,"name":"Inici","item":"https:\/\/tinagorina.com\/fr\/"},{"@type":"ListItem","position":2,"name":"Politique de confidentialit\u00e9"}]},{"@type":"WebSite","@id":"https:\/\/tinagorina.com\/fr\/#website","url":"https:\/\/tinagorina.com\/fr\/","name":"Tina Gorina","description":"","potentialAction":[{"@type":"SearchAction","target":{"@type":"EntryPoint","urlTemplate":"https:\/\/tinagorina.com\/fr\/?s={search_term_string}"},"query-input":{"@type":"PropertyValueSpecification","valueRequired":true,"valueName":"search_term_string"}}],"inLanguage":"fr-FR"}]}},"_links":{"self":[{"href":"https:\/\/tinagorina.com\/fr\/wp-json\/wp\/v2\/pages\/2108","targetHints":{"allow":["GET"]}}],"collection":[{"href":"https:\/\/tinagorina.com\/fr\/wp-json\/wp\/v2\/pages"}],"about":[{"href":"https:\/\/tinagorina.com\/fr\/wp-json\/wp\/v2\/types\/page"}],"author":[{"embeddable":true,"href":"https:\/\/tinagorina.com\/fr\/wp-json\/wp\/v2\/users\/1"}],"replies":[{"embeddable":true,"href":"https:\/\/tinagorina.com\/fr\/wp-json\/wp\/v2\/comments?post=2108"}],"version-history":[{"count":1,"href":"https:\/\/tinagorina.com\/fr\/wp-json\/wp\/v2\/pages\/2108\/revisions"}],"predecessor-version":[{"id":2110,"href":"https:\/\/tinagorina.com\/fr\/wp-json\/wp\/v2\/pages\/2108\/revisions\/2110"}],"wp:attachment":[{"href":"https:\/\/tinagorina.com\/fr\/wp-json\/wp\/v2\/media?parent=2108"}],"curies":[{"name":"wp","href":"https:\/\/api.w.org\/{rel}","templated":true}]}}