{"id":2063,"date":"2025-07-11T11:28:29","date_gmt":"2025-07-11T09:28:29","guid":{"rendered":"https:\/\/tinagorina.com\/politique-de-cookies\/"},"modified":"2025-10-15T17:25:30","modified_gmt":"2025-10-15T15:25:30","slug":"politique-de-cookies","status":"publish","type":"page","link":"https:\/\/tinagorina.com\/fr\/politique-de-cookies\/","title":{"rendered":"Politique de cookies"},"content":{"rendered":"\n<p><strong>Politique de cookies<\/strong><br\/>Ce site web utilise des cookies propres et tiers afin d&rsquo;am\u00e9liorer l&rsquo;exp\u00e9rience de navigation, d&rsquo;\u00e9laborer des statistiques d&rsquo;utilisation et d&rsquo;offrir des contenus personnalis\u00e9s.<\/p>\n\n<h3 class=\"wp-block-heading\">Que sont les cookies ?<\/h3>\n\n<p>Les cookies sont de petits fichiers texte qui sont enregistr\u00e9s sur l&rsquo;appareil de l&rsquo;utilisateur lorsqu&rsquo;il visite un site web. Ils servent \u00e0 m\u00e9moriser des informations sur la navigation et \u00e0 faciliter l&rsquo;utilisation du site.<\/p>\n\n<h3 class=\"wp-block-heading\">Types de cookies que nous utilisons<\/h3>\n\n<ul class=\"wp-block-list\">\n<li><strong>Cookies techniques :<\/strong> N\u00e9cessaires au bon fonctionnement du site web.<\/li>\n\n\n\n<li><strong>Cookies de personnalisation :<\/strong> Permettent de m\u00e9moriser vos pr\u00e9f\u00e9rences (langue, configuration, etc.).<\/li>\n\n\n\n<li><strong>Cookies d&rsquo;analyse :<\/strong> Nous aident \u00e0 comprendre comment les utilisateurs interagissent avec le site web.<\/li>\n\n\n\n<li><strong>Cookies publicitaires :<\/strong> Utilis\u00e9s pour afficher de la publicit\u00e9 pertinente pour l&rsquo;utilisateur.<\/li>\n<\/ul>\n\n<h3 class=\"wp-block-heading\">Comment g\u00e9rer les cookies ?<\/h3>\n\n<p>Vous pouvez autoriser, bloquer ou supprimer les cookies via les param\u00e8tres de votre navigateur. Veuillez noter que si vous les d\u00e9sactivez, il est possible que certaines fonctionnalit\u00e9s ne soient pas disponibles.<\/p>\n\n<h3 class=\"wp-block-heading\">Cookies tiers<\/h3>\n\n<p>Ce site peut utiliser des services tiers qui collectent des informations \u00e0 des fins statistiques ou publicitaires (par exemple, Google Analytics).<\/p>\n\n<h3 class=\"wp-block-heading\">Plus d&rsquo;informations<\/h3>\n\n<p>Pour obtenir plus d&rsquo;informations sur l&rsquo;utilisation des cookies, vous pouvez nous contacter par e-mail \u00e0 [email de contacte].<\/p>\n","protected":false},"excerpt":{"rendered":"<p>Politique de cookiesCe site web utilise des cookies propres et tiers afin d&rsquo;am\u00e9liorer l&rsquo;exp\u00e9rience de navigation, d&rsquo;\u00e9laborer des statistiques d&rsquo;utilisation et d&rsquo;offrir des contenus personnalis\u00e9s. Que sont les cookies ? Les cookies sont de petits fichiers texte qui sont enregistr\u00e9s sur l&rsquo;appareil de l&rsquo;utilisateur lorsqu&rsquo;il visite un site web. Ils servent \u00e0 m\u00e9moriser des informations [&hellip;]<\/p>\n","protected":false},"author":1,"featured_media":0,"parent":0,"menu_order":0,"comment_status":"closed","ping_status":"closed","template":"","meta":{"_monsterinsights_skip_tracking":false,"_monsterinsights_sitenote_active":false,"_monsterinsights_sitenote_note":"","_monsterinsights_sitenote_category":0,"footnotes":""},"class_list":["post-2063","page","type-page","status-publish","hentry"],"yoast_head":"<!-- This site is optimized with the Yoast SEO plugin v26.4 - https:\/\/yoast.com\/wordpress\/plugins\/seo\/ -->\n<title>Politique de cookies | Tina Gorina, soprano d\u2019\u00f2pera<\/title>\n<meta name=\"robots\" content=\"index, follow, max-snippet:-1, max-image-preview:large, max-video-preview:-1\" \/>\n<link rel=\"canonical\" href=\"https:\/\/tinagorina.com\/fr\/politique-de-cookies\/\" \/>\n<meta property=\"og:locale\" content=\"fr_FR\" \/>\n<meta property=\"og:type\" content=\"article\" \/>\n<meta property=\"og:title\" content=\"Politique de cookies | Tina Gorina, soprano d\u2019\u00f2pera\" \/>\n<meta property=\"og:description\" content=\"Politique de cookiesCe site web utilise des cookies propres et tiers afin d&rsquo;am\u00e9liorer l&rsquo;exp\u00e9rience de navigation, d&rsquo;\u00e9laborer des statistiques d&rsquo;utilisation et d&rsquo;offrir des contenus personnalis\u00e9s. Que sont les cookies ? Les cookies sont de petits fichiers texte qui sont enregistr\u00e9s sur l&rsquo;appareil de l&rsquo;utilisateur lorsqu&rsquo;il visite un site web. Ils servent \u00e0 m\u00e9moriser des informations [&hellip;]\" \/>\n<meta property=\"og:url\" content=\"https:\/\/tinagorina.com\/fr\/politique-de-cookies\/\" \/>\n<meta property=\"og:site_name\" content=\"Tina Gorina\" \/>\n<meta property=\"article:modified_time\" content=\"2025-10-15T15:25:30+00:00\" \/>\n<meta name=\"twitter:card\" content=\"summary_large_image\" \/>\n<meta name=\"twitter:label1\" content=\"Dur\u00e9e de lecture estim\u00e9e\" \/>\n\t<meta name=\"twitter:data1\" content=\"1 minute\" \/>\n<script type=\"application\/ld+json\" class=\"yoast-schema-graph\">{\"@context\":\"https:\/\/schema.org\",\"@graph\":[{\"@type\":\"WebPage\",\"@id\":\"https:\/\/tinagorina.com\/fr\/politique-de-cookies\/\",\"url\":\"https:\/\/tinagorina.com\/fr\/politique-de-cookies\/\",\"name\":\"Politique de cookies | Tina Gorina, soprano d\u2019\u00f2pera\",\"isPartOf\":{\"@id\":\"https:\/\/tinagorina.com\/fr\/#website\"},\"datePublished\":\"2025-07-11T09:28:29+00:00\",\"dateModified\":\"2025-10-15T15:25:30+00:00\",\"breadcrumb\":{\"@id\":\"https:\/\/tinagorina.com\/fr\/politique-de-cookies\/#breadcrumb\"},\"inLanguage\":\"fr-FR\",\"potentialAction\":[{\"@type\":\"ReadAction\",\"target\":[\"https:\/\/tinagorina.com\/fr\/politique-de-cookies\/\"]}]},{\"@type\":\"BreadcrumbList\",\"@id\":\"https:\/\/tinagorina.com\/fr\/politique-de-cookies\/#breadcrumb\",\"itemListElement\":[{\"@type\":\"ListItem\",\"position\":1,\"name\":\"Inici\",\"item\":\"https:\/\/tinagorina.com\/fr\/\"},{\"@type\":\"ListItem\",\"position\":2,\"name\":\"Politique de cookies\"}]},{\"@type\":\"WebSite\",\"@id\":\"https:\/\/tinagorina.com\/fr\/#website\",\"url\":\"https:\/\/tinagorina.com\/fr\/\",\"name\":\"Tina Gorina\",\"description\":\"\",\"potentialAction\":[{\"@type\":\"SearchAction\",\"target\":{\"@type\":\"EntryPoint\",\"urlTemplate\":\"https:\/\/tinagorina.com\/fr\/?s={search_term_string}\"},\"query-input\":{\"@type\":\"PropertyValueSpecification\",\"valueRequired\":true,\"valueName\":\"search_term_string\"}}],\"inLanguage\":\"fr-FR\"}]}<\/script>\n<!-- \/ Yoast SEO plugin. -->","yoast_head_json":{"title":"Politique de cookies | Tina Gorina, soprano d\u2019\u00f2pera","robots":{"index":"index","follow":"follow","max-snippet":"max-snippet:-1","max-image-preview":"max-image-preview:large","max-video-preview":"max-video-preview:-1"},"canonical":"https:\/\/tinagorina.com\/fr\/politique-de-cookies\/","og_locale":"fr_FR","og_type":"article","og_title":"Politique de cookies | Tina Gorina, soprano d\u2019\u00f2pera","og_description":"Politique de cookiesCe site web utilise des cookies propres et tiers afin d&rsquo;am\u00e9liorer l&rsquo;exp\u00e9rience de navigation, d&rsquo;\u00e9laborer des statistiques d&rsquo;utilisation et d&rsquo;offrir des contenus personnalis\u00e9s. Que sont les cookies ? Les cookies sont de petits fichiers texte qui sont enregistr\u00e9s sur l&rsquo;appareil de l&rsquo;utilisateur lorsqu&rsquo;il visite un site web. Ils servent \u00e0 m\u00e9moriser des informations [&hellip;]","og_url":"https:\/\/tinagorina.com\/fr\/politique-de-cookies\/","og_site_name":"Tina Gorina","article_modified_time":"2025-10-15T15:25:30+00:00","twitter_card":"summary_large_image","twitter_misc":{"Dur\u00e9e de lecture estim\u00e9e":"1 minute"},"schema":{"@context":"https:\/\/schema.org","@graph":[{"@type":"WebPage","@id":"https:\/\/tinagorina.com\/fr\/politique-de-cookies\/","url":"https:\/\/tinagorina.com\/fr\/politique-de-cookies\/","name":"Politique de cookies | Tina Gorina, soprano d\u2019\u00f2pera","isPartOf":{"@id":"https:\/\/tinagorina.com\/fr\/#website"},"datePublished":"2025-07-11T09:28:29+00:00","dateModified":"2025-10-15T15:25:30+00:00","breadcrumb":{"@id":"https:\/\/tinagorina.com\/fr\/politique-de-cookies\/#breadcrumb"},"inLanguage":"fr-FR","potentialAction":[{"@type":"ReadAction","target":["https:\/\/tinagorina.com\/fr\/politique-de-cookies\/"]}]},{"@type":"BreadcrumbList","@id":"https:\/\/tinagorina.com\/fr\/politique-de-cookies\/#breadcrumb","itemListElement":[{"@type":"ListItem","position":1,"name":"Inici","item":"https:\/\/tinagorina.com\/fr\/"},{"@type":"ListItem","position":2,"name":"Politique de cookies"}]},{"@type":"WebSite","@id":"https:\/\/tinagorina.com\/fr\/#website","url":"https:\/\/tinagorina.com\/fr\/","name":"Tina Gorina","description":"","potentialAction":[{"@type":"SearchAction","target":{"@type":"EntryPoint","urlTemplate":"https:\/\/tinagorina.com\/fr\/?s={search_term_string}"},"query-input":{"@type":"PropertyValueSpecification","valueRequired":true,"valueName":"search_term_string"}}],"inLanguage":"fr-FR"}]}},"_links":{"self":[{"href":"https:\/\/tinagorina.com\/fr\/wp-json\/wp\/v2\/pages\/2063","targetHints":{"allow":["GET"]}}],"collection":[{"href":"https:\/\/tinagorina.com\/fr\/wp-json\/wp\/v2\/pages"}],"about":[{"href":"https:\/\/tinagorina.com\/fr\/wp-json\/wp\/v2\/types\/page"}],"author":[{"embeddable":true,"href":"https:\/\/tinagorina.com\/fr\/wp-json\/wp\/v2\/users\/1"}],"replies":[{"embeddable":true,"href":"https:\/\/tinagorina.com\/fr\/wp-json\/wp\/v2\/comments?post=2063"}],"version-history":[{"count":1,"href":"https:\/\/tinagorina.com\/fr\/wp-json\/wp\/v2\/pages\/2063\/revisions"}],"predecessor-version":[{"id":2064,"href":"https:\/\/tinagorina.com\/fr\/wp-json\/wp\/v2\/pages\/2063\/revisions\/2064"}],"wp:attachment":[{"href":"https:\/\/tinagorina.com\/fr\/wp-json\/wp\/v2\/media?parent=2063"}],"curies":[{"name":"wp","href":"https:\/\/api.w.org\/{rel}","templated":true}]}}