{"id":2102,"date":"2025-06-27T13:59:39","date_gmt":"2025-06-27T11:59:39","guid":{"rendered":"https:\/\/tinagorina.com\/politica-de-privacidad\/"},"modified":"2025-10-15T17:26:35","modified_gmt":"2025-10-15T15:26:35","slug":"politica-de-privacidad","status":"publish","type":"page","link":"https:\/\/tinagorina.com\/es\/politica-de-privacidad\/","title":{"rendered":"Pol\u00edtica de privacidad"},"content":{"rendered":"\n<p><strong>Pol\u00edtica de privacidad<\/strong><br\/>En cumplimiento del Reglamento (UE) 2016\/679 (RGPD) y la Ley Org\u00e1nica 3\/2018 de protecci\u00f3n de datos personales y garant\u00eda de los derechos digitales (LOPDGDD), le informamos sobre el tratamiento de sus datos personales.<\/p>\n\n<h3 class=\"wp-block-heading\">Responsable del tratamiento<\/h3>\n\n<p>Nombre de la empresa: [Nom empresa]<br\/>NIF: [NIF]<br\/>Direcci\u00f3n: [Adre\u00e7a]<br\/>Correo electr\u00f3nico: [Email de contacte]<\/p>\n\n<h3 class=\"wp-block-heading\">Finalidad del tratamiento<\/h3>\n\n<p>Los datos personales que nos facilite ser\u00e1n utilizados para:<\/p>\n\n<ul class=\"wp-block-list\">\n<li>Gestionar sus solicitudes, pedidos o consultas.<\/li>\n\n\n\n<li>Enviarle informaci\u00f3n relacionada con nuestros servicios o productos.<\/li>\n\n\n\n<li>Cumplir con obligaciones legales.<\/li>\n<\/ul>\n\n<h3 class=\"wp-block-heading\">Legitimaci\u00f3n<\/h3>\n\n<p>La base legal para el tratamiento es:<\/p>\n\n<ul class=\"wp-block-list\">\n<li>Su consentimiento (art. 6.1.a RGPD).<\/li>\n\n\n\n<li>La ejecuci\u00f3n de un contrato (art. 6.1.b RGPD).<\/li>\n\n\n\n<li>El inter\u00e9s leg\u00edtimo o el cumplimiento de una obligaci\u00f3n legal (art. 6.1.c y f RGPD).<\/li>\n<\/ul>\n\n<h3 class=\"wp-block-heading\">Conservaci\u00f3n de datos<\/h3>\n\n<p>Los datos se conservar\u00e1n mientras sea necesario para cumplir con la finalidad para la que se recogieron y para atender posibles responsabilidades legales.<\/p>\n\n<h3 class=\"wp-block-heading\">Destinatarios<\/h3>\n\n<p>No se comunicar\u00e1n los datos a terceros, excepto por obligaci\u00f3n legal o para prestar un servicio contratado.<\/p>\n\n<p><\/p>\n","protected":false},"excerpt":{"rendered":"<p>Pol\u00edtica de privacidadEn cumplimiento del Reglamento (UE) 2016\/679 (RGPD) y la Ley Org\u00e1nica 3\/2018 de protecci\u00f3n de datos personales y garant\u00eda de los derechos digitales (LOPDGDD), le informamos sobre el tratamiento de sus datos personales. Responsable del tratamiento Nombre de la empresa: [Nom empresa]NIF: [NIF]Direcci\u00f3n: [Adre\u00e7a]Correo electr\u00f3nico: [Email de contacte] Finalidad del tratamiento Los datos [&hellip;]<\/p>\n","protected":false},"author":1,"featured_media":0,"parent":0,"menu_order":0,"comment_status":"closed","ping_status":"closed","template":"","meta":{"_monsterinsights_skip_tracking":false,"_monsterinsights_sitenote_active":false,"_monsterinsights_sitenote_note":"","_monsterinsights_sitenote_category":0,"footnotes":""},"class_list":["post-2102","page","type-page","status-publish","hentry"],"yoast_head":"<!-- This site is optimized with the Yoast SEO plugin v26.4 - https:\/\/yoast.com\/wordpress\/plugins\/seo\/ -->\n<title>Pol\u00edtica de privacidad | Tina Gorina, soprano d\u2019\u00f2pera<\/title>\n<meta name=\"robots\" content=\"index, follow, max-snippet:-1, max-image-preview:large, max-video-preview:-1\" \/>\n<link rel=\"canonical\" href=\"https:\/\/tinagorina.com\/es\/politica-de-privacidad\/\" \/>\n<meta property=\"og:locale\" content=\"es_ES\" \/>\n<meta property=\"og:type\" content=\"article\" \/>\n<meta property=\"og:title\" content=\"Pol\u00edtica de privacidad | Tina Gorina, soprano d\u2019\u00f2pera\" \/>\n<meta property=\"og:description\" content=\"Pol\u00edtica de privacidadEn cumplimiento del Reglamento (UE) 2016\/679 (RGPD) y la Ley Org\u00e1nica 3\/2018 de protecci\u00f3n de datos personales y garant\u00eda de los derechos digitales (LOPDGDD), le informamos sobre el tratamiento de sus datos personales. Responsable del tratamiento Nombre de la empresa: [Nom empresa]NIF: [NIF]Direcci\u00f3n: [Adre\u00e7a]Correo electr\u00f3nico: [Email de contacte] Finalidad del tratamiento Los datos [&hellip;]\" \/>\n<meta property=\"og:url\" content=\"https:\/\/tinagorina.com\/es\/politica-de-privacidad\/\" \/>\n<meta property=\"og:site_name\" content=\"Tina Gorina\" \/>\n<meta property=\"article:modified_time\" content=\"2025-10-15T15:26:35+00:00\" \/>\n<meta name=\"twitter:card\" content=\"summary_large_image\" \/>\n<meta name=\"twitter:label1\" content=\"Tiempo de lectura\" \/>\n\t<meta name=\"twitter:data1\" content=\"1 minuto\" \/>\n<script type=\"application\/ld+json\" class=\"yoast-schema-graph\">{\"@context\":\"https:\/\/schema.org\",\"@graph\":[{\"@type\":\"WebPage\",\"@id\":\"https:\/\/tinagorina.com\/es\/politica-de-privacidad\/\",\"url\":\"https:\/\/tinagorina.com\/es\/politica-de-privacidad\/\",\"name\":\"Pol\u00edtica de privacidad | Tina Gorina, soprano d\u2019\u00f2pera\",\"isPartOf\":{\"@id\":\"https:\/\/tinagorina.com\/es\/#website\"},\"datePublished\":\"2025-06-27T11:59:39+00:00\",\"dateModified\":\"2025-10-15T15:26:35+00:00\",\"breadcrumb\":{\"@id\":\"https:\/\/tinagorina.com\/es\/politica-de-privacidad\/#breadcrumb\"},\"inLanguage\":\"es\",\"potentialAction\":[{\"@type\":\"ReadAction\",\"target\":[\"https:\/\/tinagorina.com\/es\/politica-de-privacidad\/\"]}]},{\"@type\":\"BreadcrumbList\",\"@id\":\"https:\/\/tinagorina.com\/es\/politica-de-privacidad\/#breadcrumb\",\"itemListElement\":[{\"@type\":\"ListItem\",\"position\":1,\"name\":\"Inici\",\"item\":\"https:\/\/tinagorina.com\/es\/\"},{\"@type\":\"ListItem\",\"position\":2,\"name\":\"Pol\u00edtica de privacidad\"}]},{\"@type\":\"WebSite\",\"@id\":\"https:\/\/tinagorina.com\/es\/#website\",\"url\":\"https:\/\/tinagorina.com\/es\/\",\"name\":\"Tina Gorina\",\"description\":\"\",\"potentialAction\":[{\"@type\":\"SearchAction\",\"target\":{\"@type\":\"EntryPoint\",\"urlTemplate\":\"https:\/\/tinagorina.com\/es\/?s={search_term_string}\"},\"query-input\":{\"@type\":\"PropertyValueSpecification\",\"valueRequired\":true,\"valueName\":\"search_term_string\"}}],\"inLanguage\":\"es\"}]}<\/script>\n<!-- \/ Yoast SEO plugin. -->","yoast_head_json":{"title":"Pol\u00edtica de privacidad | Tina Gorina, soprano d\u2019\u00f2pera","robots":{"index":"index","follow":"follow","max-snippet":"max-snippet:-1","max-image-preview":"max-image-preview:large","max-video-preview":"max-video-preview:-1"},"canonical":"https:\/\/tinagorina.com\/es\/politica-de-privacidad\/","og_locale":"es_ES","og_type":"article","og_title":"Pol\u00edtica de privacidad | Tina Gorina, soprano d\u2019\u00f2pera","og_description":"Pol\u00edtica de privacidadEn cumplimiento del Reglamento (UE) 2016\/679 (RGPD) y la Ley Org\u00e1nica 3\/2018 de protecci\u00f3n de datos personales y garant\u00eda de los derechos digitales (LOPDGDD), le informamos sobre el tratamiento de sus datos personales. Responsable del tratamiento Nombre de la empresa: [Nom empresa]NIF: [NIF]Direcci\u00f3n: [Adre\u00e7a]Correo electr\u00f3nico: [Email de contacte] Finalidad del tratamiento Los datos [&hellip;]","og_url":"https:\/\/tinagorina.com\/es\/politica-de-privacidad\/","og_site_name":"Tina Gorina","article_modified_time":"2025-10-15T15:26:35+00:00","twitter_card":"summary_large_image","twitter_misc":{"Tiempo de lectura":"1 minuto"},"schema":{"@context":"https:\/\/schema.org","@graph":[{"@type":"WebPage","@id":"https:\/\/tinagorina.com\/es\/politica-de-privacidad\/","url":"https:\/\/tinagorina.com\/es\/politica-de-privacidad\/","name":"Pol\u00edtica de privacidad | Tina Gorina, soprano d\u2019\u00f2pera","isPartOf":{"@id":"https:\/\/tinagorina.com\/es\/#website"},"datePublished":"2025-06-27T11:59:39+00:00","dateModified":"2025-10-15T15:26:35+00:00","breadcrumb":{"@id":"https:\/\/tinagorina.com\/es\/politica-de-privacidad\/#breadcrumb"},"inLanguage":"es","potentialAction":[{"@type":"ReadAction","target":["https:\/\/tinagorina.com\/es\/politica-de-privacidad\/"]}]},{"@type":"BreadcrumbList","@id":"https:\/\/tinagorina.com\/es\/politica-de-privacidad\/#breadcrumb","itemListElement":[{"@type":"ListItem","position":1,"name":"Inici","item":"https:\/\/tinagorina.com\/es\/"},{"@type":"ListItem","position":2,"name":"Pol\u00edtica de privacidad"}]},{"@type":"WebSite","@id":"https:\/\/tinagorina.com\/es\/#website","url":"https:\/\/tinagorina.com\/es\/","name":"Tina Gorina","description":"","potentialAction":[{"@type":"SearchAction","target":{"@type":"EntryPoint","urlTemplate":"https:\/\/tinagorina.com\/es\/?s={search_term_string}"},"query-input":{"@type":"PropertyValueSpecification","valueRequired":true,"valueName":"search_term_string"}}],"inLanguage":"es"}]}},"_links":{"self":[{"href":"https:\/\/tinagorina.com\/es\/wp-json\/wp\/v2\/pages\/2102","targetHints":{"allow":["GET"]}}],"collection":[{"href":"https:\/\/tinagorina.com\/es\/wp-json\/wp\/v2\/pages"}],"about":[{"href":"https:\/\/tinagorina.com\/es\/wp-json\/wp\/v2\/types\/page"}],"author":[{"embeddable":true,"href":"https:\/\/tinagorina.com\/es\/wp-json\/wp\/v2\/users\/1"}],"replies":[{"embeddable":true,"href":"https:\/\/tinagorina.com\/es\/wp-json\/wp\/v2\/comments?post=2102"}],"version-history":[{"count":1,"href":"https:\/\/tinagorina.com\/es\/wp-json\/wp\/v2\/pages\/2102\/revisions"}],"predecessor-version":[{"id":2103,"href":"https:\/\/tinagorina.com\/es\/wp-json\/wp\/v2\/pages\/2102\/revisions\/2103"}],"wp:attachment":[{"href":"https:\/\/tinagorina.com\/es\/wp-json\/wp\/v2\/media?parent=2102"}],"curies":[{"name":"wp","href":"https:\/\/api.w.org\/{rel}","templated":true}]}}