{"id":2055,"date":"2025-07-11T11:28:29","date_gmt":"2025-07-11T09:28:29","guid":{"rendered":"https:\/\/tinagorina.com\/politica-de-cookies\/"},"modified":"2025-10-15T17:25:22","modified_gmt":"2025-10-15T15:25:22","slug":"politica-de-cookies","status":"publish","type":"page","link":"https:\/\/tinagorina.com\/es\/politica-de-cookies\/","title":{"rendered":"Pol\u00edtica de cookies"},"content":{"rendered":"\n<p><strong>Pol\u00edtica de cookies<\/strong><br\/>Este sitio web utiliza cookies propias y de terceros para mejorar la experiencia de navegaci\u00f3n, elaborar estad\u00edsticas de uso y ofrecer contenidos personalizados.<\/p>\n\n<h3 class=\"wp-block-heading\">\u00bfQu\u00e9 son las cookies?<\/h3>\n\n<p>Las cookies son peque\u00f1os archivos de texto que se guardan en el dispositivo del usuario cuando visita un sitio web. Sirven para recordar informaci\u00f3n sobre la navegaci\u00f3n y facilitar el uso del sitio. <\/p>\n\n<h3 class=\"wp-block-heading\">Tipos de cookies que utilizamos<\/h3>\n\n<ul class=\"wp-block-list\">\n<li><strong>Cookies t\u00e9cnicas:<\/strong> Necesarias para el correcto funcionamiento del sitio web.<\/li>\n\n\n\n<li><strong>Cookies de personalizaci\u00f3n:<\/strong> Permiten recordar sus preferencias (idioma, configuraci\u00f3n, etc.).<\/li>\n\n\n\n<li><strong>Cookies de an\u00e1lisis:<\/strong> Nos ayudan a entender c\u00f3mo interact\u00faan los usuarios con el sitio web.<\/li>\n\n\n\n<li><strong>Cookies publicitarias:<\/strong> Utilizadas para mostrar publicidad relevante para el usuario.<\/li>\n<\/ul>\n\n<h3 class=\"wp-block-heading\">\u00bfC\u00f3mo gestionar las cookies?<\/h3>\n\n<p>Puede permitir, bloquear o eliminar las cookies mediante la configuraci\u00f3n de su navegador. Tenga en cuenta que, si las desactiva, es posible que algunas funcionalidades no est\u00e9n disponibles. <\/p>\n\n<h3 class=\"wp-block-heading\">Cookies de terceros<\/h3>\n\n<p>Este sitio puede utilizar servicios de terceros que recopilan informaci\u00f3n con fines estad\u00edsticos o publicitarios (p. ej. Google Analytics).<\/p>\n\n<h3 class=\"wp-block-heading\">M\u00e1s informaci\u00f3n<\/h3>\n\n<p>Para obtener m\u00e1s informaci\u00f3n sobre el uso de cookies, puede contactar con nosotros a trav\u00e9s del correo electr\u00f3nico[email de contacte].<\/p>\n","protected":false},"excerpt":{"rendered":"<p>Pol\u00edtica de cookiesEste sitio web utiliza cookies propias y de terceros para mejorar la experiencia de navegaci\u00f3n, elaborar estad\u00edsticas de uso y ofrecer contenidos personalizados. \u00bfQu\u00e9 son las cookies? Las cookies son peque\u00f1os archivos de texto que se guardan en el dispositivo del usuario cuando visita un sitio web. Sirven para recordar informaci\u00f3n sobre la [&hellip;]<\/p>\n","protected":false},"author":1,"featured_media":0,"parent":0,"menu_order":0,"comment_status":"closed","ping_status":"closed","template":"","meta":{"_monsterinsights_skip_tracking":false,"_monsterinsights_sitenote_active":false,"_monsterinsights_sitenote_note":"","_monsterinsights_sitenote_category":0,"footnotes":""},"class_list":["post-2055","page","type-page","status-publish","hentry"],"yoast_head":"<!-- This site is optimized with the Yoast SEO plugin v26.4 - https:\/\/yoast.com\/wordpress\/plugins\/seo\/ -->\n<title>Pol\u00edtica de cookies | Tina Gorina, soprano d\u2019\u00f2pera<\/title>\n<meta name=\"robots\" content=\"index, follow, max-snippet:-1, max-image-preview:large, max-video-preview:-1\" \/>\n<link rel=\"canonical\" href=\"https:\/\/tinagorina.com\/es\/politica-de-cookies\/\" \/>\n<meta property=\"og:locale\" content=\"es_ES\" \/>\n<meta property=\"og:type\" content=\"article\" \/>\n<meta property=\"og:title\" content=\"Pol\u00edtica de cookies | Tina Gorina, soprano d\u2019\u00f2pera\" \/>\n<meta property=\"og:description\" content=\"Pol\u00edtica de cookiesEste sitio web utiliza cookies propias y de terceros para mejorar la experiencia de navegaci\u00f3n, elaborar estad\u00edsticas de uso y ofrecer contenidos personalizados. \u00bfQu\u00e9 son las cookies? Las cookies son peque\u00f1os archivos de texto que se guardan en el dispositivo del usuario cuando visita un sitio web. Sirven para recordar informaci\u00f3n sobre la [&hellip;]\" \/>\n<meta property=\"og:url\" content=\"https:\/\/tinagorina.com\/es\/politica-de-cookies\/\" \/>\n<meta property=\"og:site_name\" content=\"Tina Gorina\" \/>\n<meta property=\"article:modified_time\" content=\"2025-10-15T15:25:22+00:00\" \/>\n<meta name=\"twitter:card\" content=\"summary_large_image\" \/>\n<meta name=\"twitter:label1\" content=\"Tiempo de lectura\" \/>\n\t<meta name=\"twitter:data1\" content=\"1 minuto\" \/>\n<script type=\"application\/ld+json\" class=\"yoast-schema-graph\">{\"@context\":\"https:\/\/schema.org\",\"@graph\":[{\"@type\":\"WebPage\",\"@id\":\"https:\/\/tinagorina.com\/es\/politica-de-cookies\/\",\"url\":\"https:\/\/tinagorina.com\/es\/politica-de-cookies\/\",\"name\":\"Pol\u00edtica de cookies | Tina Gorina, soprano d\u2019\u00f2pera\",\"isPartOf\":{\"@id\":\"https:\/\/tinagorina.com\/es\/#website\"},\"datePublished\":\"2025-07-11T09:28:29+00:00\",\"dateModified\":\"2025-10-15T15:25:22+00:00\",\"breadcrumb\":{\"@id\":\"https:\/\/tinagorina.com\/es\/politica-de-cookies\/#breadcrumb\"},\"inLanguage\":\"es\",\"potentialAction\":[{\"@type\":\"ReadAction\",\"target\":[\"https:\/\/tinagorina.com\/es\/politica-de-cookies\/\"]}]},{\"@type\":\"BreadcrumbList\",\"@id\":\"https:\/\/tinagorina.com\/es\/politica-de-cookies\/#breadcrumb\",\"itemListElement\":[{\"@type\":\"ListItem\",\"position\":1,\"name\":\"Inici\",\"item\":\"https:\/\/tinagorina.com\/es\/\"},{\"@type\":\"ListItem\",\"position\":2,\"name\":\"Pol\u00edtica de cookies\"}]},{\"@type\":\"WebSite\",\"@id\":\"https:\/\/tinagorina.com\/es\/#website\",\"url\":\"https:\/\/tinagorina.com\/es\/\",\"name\":\"Tina Gorina\",\"description\":\"\",\"potentialAction\":[{\"@type\":\"SearchAction\",\"target\":{\"@type\":\"EntryPoint\",\"urlTemplate\":\"https:\/\/tinagorina.com\/es\/?s={search_term_string}\"},\"query-input\":{\"@type\":\"PropertyValueSpecification\",\"valueRequired\":true,\"valueName\":\"search_term_string\"}}],\"inLanguage\":\"es\"}]}<\/script>\n<!-- \/ Yoast SEO plugin. -->","yoast_head_json":{"title":"Pol\u00edtica de cookies | Tina Gorina, soprano d\u2019\u00f2pera","robots":{"index":"index","follow":"follow","max-snippet":"max-snippet:-1","max-image-preview":"max-image-preview:large","max-video-preview":"max-video-preview:-1"},"canonical":"https:\/\/tinagorina.com\/es\/politica-de-cookies\/","og_locale":"es_ES","og_type":"article","og_title":"Pol\u00edtica de cookies | Tina Gorina, soprano d\u2019\u00f2pera","og_description":"Pol\u00edtica de cookiesEste sitio web utiliza cookies propias y de terceros para mejorar la experiencia de navegaci\u00f3n, elaborar estad\u00edsticas de uso y ofrecer contenidos personalizados. \u00bfQu\u00e9 son las cookies? Las cookies son peque\u00f1os archivos de texto que se guardan en el dispositivo del usuario cuando visita un sitio web. Sirven para recordar informaci\u00f3n sobre la [&hellip;]","og_url":"https:\/\/tinagorina.com\/es\/politica-de-cookies\/","og_site_name":"Tina Gorina","article_modified_time":"2025-10-15T15:25:22+00:00","twitter_card":"summary_large_image","twitter_misc":{"Tiempo de lectura":"1 minuto"},"schema":{"@context":"https:\/\/schema.org","@graph":[{"@type":"WebPage","@id":"https:\/\/tinagorina.com\/es\/politica-de-cookies\/","url":"https:\/\/tinagorina.com\/es\/politica-de-cookies\/","name":"Pol\u00edtica de cookies | Tina Gorina, soprano d\u2019\u00f2pera","isPartOf":{"@id":"https:\/\/tinagorina.com\/es\/#website"},"datePublished":"2025-07-11T09:28:29+00:00","dateModified":"2025-10-15T15:25:22+00:00","breadcrumb":{"@id":"https:\/\/tinagorina.com\/es\/politica-de-cookies\/#breadcrumb"},"inLanguage":"es","potentialAction":[{"@type":"ReadAction","target":["https:\/\/tinagorina.com\/es\/politica-de-cookies\/"]}]},{"@type":"BreadcrumbList","@id":"https:\/\/tinagorina.com\/es\/politica-de-cookies\/#breadcrumb","itemListElement":[{"@type":"ListItem","position":1,"name":"Inici","item":"https:\/\/tinagorina.com\/es\/"},{"@type":"ListItem","position":2,"name":"Pol\u00edtica de cookies"}]},{"@type":"WebSite","@id":"https:\/\/tinagorina.com\/es\/#website","url":"https:\/\/tinagorina.com\/es\/","name":"Tina Gorina","description":"","potentialAction":[{"@type":"SearchAction","target":{"@type":"EntryPoint","urlTemplate":"https:\/\/tinagorina.com\/es\/?s={search_term_string}"},"query-input":{"@type":"PropertyValueSpecification","valueRequired":true,"valueName":"search_term_string"}}],"inLanguage":"es"}]}},"_links":{"self":[{"href":"https:\/\/tinagorina.com\/es\/wp-json\/wp\/v2\/pages\/2055","targetHints":{"allow":["GET"]}}],"collection":[{"href":"https:\/\/tinagorina.com\/es\/wp-json\/wp\/v2\/pages"}],"about":[{"href":"https:\/\/tinagorina.com\/es\/wp-json\/wp\/v2\/types\/page"}],"author":[{"embeddable":true,"href":"https:\/\/tinagorina.com\/es\/wp-json\/wp\/v2\/users\/1"}],"replies":[{"embeddable":true,"href":"https:\/\/tinagorina.com\/es\/wp-json\/wp\/v2\/comments?post=2055"}],"version-history":[{"count":1,"href":"https:\/\/tinagorina.com\/es\/wp-json\/wp\/v2\/pages\/2055\/revisions"}],"predecessor-version":[{"id":2056,"href":"https:\/\/tinagorina.com\/es\/wp-json\/wp\/v2\/pages\/2055\/revisions\/2056"}],"wp:attachment":[{"href":"https:\/\/tinagorina.com\/es\/wp-json\/wp\/v2\/media?parent=2055"}],"curies":[{"name":"wp","href":"https:\/\/api.w.org\/{rel}","templated":true}]}}